{"id":260,"date":"2024-04-05T08:54:09","date_gmt":"2024-04-05T05:54:09","guid":{"rendered":"https:\/\/vlatket.eu\/avaleht\/"},"modified":"2024-04-11T18:17:58","modified_gmt":"2024-04-11T15:17:58","slug":"avaleht","status":"publish","type":"page","link":"https:\/\/vlatket.eu\/et\/","title":{"rendered":"AVALEHT"},"content":{"rendered":"\n<h2 class=\"wp-block-heading\">Vlatket O\u00dc<\/h2>\n\n<p>Vlatket O\u00dc tegutseb Eesti turul aastast 1996. Meie ettev\u00f5te tegeleb materjalik\u00e4itlejate varuosade ja muu eritehnikaga. Vlatketil on v\u00e4ga lai tegevusala. Meie p\u00f5hisari on Fuchsi, Sennebogeni, Atlase, Liebherri jt varuosad. Meil on kliente Leedus, L\u00e4tis, Eestis, Skandinaavia riikides jne. Alates 2016. aastast sai meie ettev\u00f5ttest Stanley, La bounty edasim\u00fc\u00fcja Balti riikides. Lisaks esindame firma Horst Spenger tooteid.      <\/p>\n\n<p>Meie veebisaidilt leiate lisateavet meie pakutavate h\u00fcdrauliliste t\u00f6\u00f6riistade kohta. Lisateabe saamiseks v\u00f5tke meiega \u00fchendust e-posti v\u00f5i mobiiltelefoni teel. <\/p>\n\n<div class=\"wp-block-columns is-layout-flex wp-container-core-columns-is-layout-9d6595d7 wp-block-columns-is-layout-flex\">\n<div class=\"wp-block-column is-layout-flow wp-block-column-is-layout-flow\">\n<figure class=\"wp-block-image size-full is-resized\"><img loading=\"lazy\" decoding=\"async\" width=\"632\" height=\"208\" src=\"http:\/\/vlatket.eu\/wp-content\/uploads\/2024\/04\/labounty.gif\" alt=\"\" class=\"wp-image-49\" style=\"width:194px;height:auto\"\/><\/figure>\n<\/div>\n\n\n\n<div class=\"wp-block-column is-layout-flow wp-block-column-is-layout-flow\">\n<figure class=\"wp-block-image size-full is-resized\"><img loading=\"lazy\" decoding=\"async\" width=\"240\" height=\"87\" src=\"http:\/\/vlatket.eu\/wp-content\/uploads\/2024\/04\/hs.jpg\" alt=\"\" class=\"wp-image-52\" style=\"width:179px;height:auto\"\/><\/figure>\n<\/div>\n\n\n\n<div class=\"wp-block-column is-layout-flow wp-block-column-is-layout-flow\">\n<figure class=\"wp-block-image size-full is-resized\"><img loading=\"lazy\" decoding=\"async\" width=\"300\" height=\"88\" src=\"http:\/\/vlatket.eu\/wp-content\/uploads\/2024\/04\/idro.png\" alt=\"\" class=\"wp-image-54\" style=\"width:215px;height:auto\"\/><\/figure>\n<\/div>\n\n\n\n<div class=\"wp-block-column is-layout-flow wp-block-column-is-layout-flow\"><div class=\"wp-block-image\">\n<figure class=\"aligncenter size-large is-resized\"><img loading=\"lazy\" decoding=\"async\" width=\"1024\" height=\"306\" src=\"http:\/\/vlatket.eu\/wp-content\/uploads\/2024\/04\/dango-1024x306.jpg\" alt=\"\" class=\"wp-image-42\" style=\"width:189px;height:auto\" srcset=\"https:\/\/vlatket.eu\/wp-content\/uploads\/2024\/04\/dango-1024x306.jpg 1024w, https:\/\/vlatket.eu\/wp-content\/uploads\/2024\/04\/dango-300x90.jpg 300w, https:\/\/vlatket.eu\/wp-content\/uploads\/2024\/04\/dango-768x230.jpg 768w, https:\/\/vlatket.eu\/wp-content\/uploads\/2024\/04\/dango-1536x459.jpg 1536w, https:\/\/vlatket.eu\/wp-content\/uploads\/2024\/04\/dango-2048x613.jpg 2048w\" sizes=\"auto, (max-width: 1024px) 100vw, 1024px\" \/><\/figure>\n<\/div><\/div>\n<\/div>\n","protected":false},"excerpt":{"rendered":"<p>Vlatket O\u00dc Vlatket O\u00dc tegutseb Eesti turul aastast 1996. Meie ettev\u00f5te tegeleb materjalik\u00e4itlejate varuosade ja muu eritehnikaga. Vlatketil on v\u00e4ga lai tegevusala. Meie p\u00f5hisari on Fuchsi, Sennebogeni, Atlase, Liebherri jt varuosad. Meil on kliente Leedus, L\u00e4tis, Eestis, Skandinaavia riikides jne. Alates 2016. aastast sai meie ettev\u00f5ttest Stanley, La bounty edasim\u00fc\u00fcja Balti riikides. Lisaks esindame firma [&hellip;]<\/p>\n","protected":false},"author":1,"featured_media":0,"parent":0,"menu_order":0,"comment_status":"closed","ping_status":"closed","template":"","meta":{"_acf_changed":false,"footnotes":""},"class_list":["post-260","page","type-page","status-publish","hentry"],"acf":[],"_links":{"self":[{"href":"https:\/\/vlatket.eu\/et\/wp-json\/wp\/v2\/pages\/260","targetHints":{"allow":["GET"]}}],"collection":[{"href":"https:\/\/vlatket.eu\/et\/wp-json\/wp\/v2\/pages"}],"about":[{"href":"https:\/\/vlatket.eu\/et\/wp-json\/wp\/v2\/types\/page"}],"author":[{"embeddable":true,"href":"https:\/\/vlatket.eu\/et\/wp-json\/wp\/v2\/users\/1"}],"replies":[{"embeddable":true,"href":"https:\/\/vlatket.eu\/et\/wp-json\/wp\/v2\/comments?post=260"}],"version-history":[{"count":3,"href":"https:\/\/vlatket.eu\/et\/wp-json\/wp\/v2\/pages\/260\/revisions"}],"predecessor-version":[{"id":265,"href":"https:\/\/vlatket.eu\/et\/wp-json\/wp\/v2\/pages\/260\/revisions\/265"}],"wp:attachment":[{"href":"https:\/\/vlatket.eu\/et\/wp-json\/wp\/v2\/media?parent=260"}],"curies":[{"name":"wp","href":"https:\/\/api.w.org\/{rel}","templated":true}]}}